{"id":90,"date":"2019-08-13T10:57:15","date_gmt":"2019-08-13T10:57:15","guid":{"rendered":"https:\/\/lfag-psnv.de\/?page_id=90"},"modified":"2024-08-13T10:35:09","modified_gmt":"2024-08-13T10:35:09","slug":"qualitaetslabel-psnv","status":"publish","type":"page","link":"https:\/\/lfag-psnv.de\/qualitaetslabel-psnv\/","title":{"rendered":"Qualit\u00e4tslabel PSNV"},"content":{"rendered":"\n<p>Die L\u00e4nder\u00fcbergreifende Facharbeitsgruppe PSNV hat nach einj\u00e4hriger Vorarbeit durch eine Facharbeitsgruppe im November 2018 ein Qualit\u00e4tslabel PSNV beschlossen. Dieses kann an Bundesl\u00e4nder vergeben werden, die eine PSNV-Karte f\u00fcr ihre Einsatzkr\u00e4fte herausgeben und wird auf diesen plaziert.<\/p>\n\n\n\n<p>Ziele des Qualit\u00e4tslabels:\n<\/p>\n\n\n\n<ul class=\"wp-block-list\"><li>Best\u00e4tigung der Einhaltung der beschlossenen Mindeststandards durch die L\u00e4nder\u00fcbergreifende Facharbeitsgruppe <\/li><li>L\u00e4nder\u00fcbergreifende Personalunterst\u00fctzung der L\u00e4nder mit Qualit\u00e4tslabel <\/li><li>Motivation der L\u00e4nder, dieses Label zu bekommen und damit den Konsensus umzusetzen <\/li><\/ul>\n\n\n\n<p><\/p>\n\n\n\n<p><a href=\"https:\/\/lfag-psnv.de\/wp-content\/uploads\/2019\/08\/Information-Qualita\u0308tslabel-2.pdf\" target=\"_blank\" rel=\"noreferrer noopener\" aria-label=\"Informationen zum Qualit\u00e4tslabel (\u00f6ffnet in neuem Tab)\">Informationen zum Qualit\u00e4tslabel<\/a><\/p>\n","protected":false},"excerpt":{"rendered":"<p>Die L\u00e4nder\u00fcbergreifende Facharbeitsgruppe PSNV hat nach einj\u00e4hriger Vorarbeit durch eine Facharbeitsgruppe im November 2018 ein Qualit\u00e4tslabel PSNV beschlossen. Dieses kann an Bundesl\u00e4nder vergeben werden, die eine PSNV-Karte f\u00fcr ihre Einsatzkr\u00e4fte herausgeben und wird auf diesen plaziert. Ziele des Qualit\u00e4tslabels: Best\u00e4tigung der Einhaltung der beschlossenen Mindeststandards durch die L\u00e4nder\u00fcbergreifende Facharbeitsgruppe L\u00e4nder\u00fcbergreifende Personalunterst\u00fctzung der L\u00e4nder mit Qualit\u00e4tslabel &hellip; <\/p>\n<p class=\"link-more\"><a href=\"https:\/\/lfag-psnv.de\/qualitaetslabel-psnv\/\" class=\"more-link\"><span class=\"screen-reader-text\">\u201eQualit\u00e4tslabel PSNV\u201c <\/span>weiterlesen<\/a><\/p>\n","protected":false},"author":1,"featured_media":0,"parent":0,"menu_order":0,"comment_status":"closed","ping_status":"closed","template":"","meta":{"_bbp_topic_count":0,"_bbp_reply_count":0,"_bbp_total_topic_count":0,"_bbp_total_reply_count":0,"_bbp_voice_count":0,"_bbp_anonymous_reply_count":0,"_bbp_topic_count_hidden":0,"_bbp_reply_count_hidden":0,"_bbp_forum_subforum_count":0,"footnotes":""},"class_list":["post-90","page","type-page","status-publish","hentry"],"_links":{"self":[{"href":"https:\/\/lfag-psnv.de\/wp-json\/wp\/v2\/pages\/90","targetHints":{"allow":["GET"]}}],"collection":[{"href":"https:\/\/lfag-psnv.de\/wp-json\/wp\/v2\/pages"}],"about":[{"href":"https:\/\/lfag-psnv.de\/wp-json\/wp\/v2\/types\/page"}],"author":[{"embeddable":true,"href":"https:\/\/lfag-psnv.de\/wp-json\/wp\/v2\/users\/1"}],"replies":[{"embeddable":true,"href":"https:\/\/lfag-psnv.de\/wp-json\/wp\/v2\/comments?post=90"}],"version-history":[{"count":2,"href":"https:\/\/lfag-psnv.de\/wp-json\/wp\/v2\/pages\/90\/revisions"}],"predecessor-version":[{"id":92,"href":"https:\/\/lfag-psnv.de\/wp-json\/wp\/v2\/pages\/90\/revisions\/92"}],"wp:attachment":[{"href":"https:\/\/lfag-psnv.de\/wp-json\/wp\/v2\/media?parent=90"}],"curies":[{"name":"wp","href":"https:\/\/api.w.org\/{rel}","templated":true}]}}