{"id":35,"date":"2019-07-21T20:24:58","date_gmt":"2019-07-21T20:24:58","guid":{"rendered":"https:\/\/lfag-psnv.de\/?page_id=35"},"modified":"2024-08-13T10:34:36","modified_gmt":"2024-08-13T10:34:36","slug":"informationen-rund-um-das-thema-psnv","status":"publish","type":"page","link":"https:\/\/lfag-psnv.de\/?page_id=35","title":{"rendered":"Information zur PSNV"},"content":{"rendered":"\n<p><strong>Definition<\/strong><\/p>\n\n\n\n<p>Die psychosoziale Notfallversorgung (PSNV) beinhaltet die \nGesamtstruktur und die Ma\u00dfnahmen der Pr\u00e4vention sowie der kurz-, mittel-\n und langfristigen Versorgung im Kontext von belastenden Ereignissen \n(Notf\u00e4llen) bzw. Einsatzsituationen.<\/p>\n\n\n\n<p><strong>Ziele<\/strong><\/p>\n\n\n\n<ul class=\"wp-block-list\"><li>Pr\u00e4vention von psychosozialen Belastungsfolgen<\/li><li>Fr\u00fcherkennung von psychosozialen Belastungsfolgen nach belastenden Ereignissen und Einsatzsituationen<\/li><li>Bereitstellen ad\u00e4quater Unterst\u00fctzung und Hilfe f\u00fcr betroffene \nPersonen und Gruppen zur Erfahrungsverarbeitung sowie die angemessene \nBehandlung von Traumafolgest\u00f6rungen und bezogen auf Einsatzkr\u00e4fte \u2013 \neinsatzbezogene psychische Fehlbeanspruchung<\/li><\/ul>\n\n\n\n<p><em>(PSNV: Qualit\u00e4tsstandart und Leitlinien (Teil1), Herausgeber: \nBundesamt f\u00fcr Bev\u00f6lkerungsschutz und Katastrophenhilfe (BBK), Bonn 2009,\n S.15)<\/em><\/p>\n\n\n\n<p>Die Ma\u00dfnahmen der psychosozialen Notfallversorgung zielen dabei auf \ndie Bew\u00e4ltigung dieser kritischen Lebensereignisse und der damit \neinhergehenden psychosozialen Belastung.<\/p>\n\n\n\n<p><em>(PSNV: Qualit\u00e4tsstandart und Leitlinien (Teil1), Herausgeber: \nBundesamt f\u00fcr Bev\u00f6lkerungsschutz und Katastrophenhilfe (BBK), Bonn 2009,\n S.15)<\/em><\/p>\n\n\n\n<p>In der psychosozialen Notfallversorgung werden 2 Zielgruppen beschrieben:<\/p>\n\n\n\n<ol class=\"wp-block-list\"><li>\u201ePhysisch unverletzte Betroffene des Notfalls oder Ungl\u00fccks\u201c:  Angeh\u00f6rige, Hinterbliebene, \u00dcberlebende, Augenzeugen oder Vermissende<\/li><li>Einsatzkr\u00e4fte des Rettungsdienstes, der Feuerwehr, der Polizei, des Katastrophenschutzes, des THWs und der Bundeswehr. <\/li><\/ol>\n\n\n\n<figure class=\"wp-block-image\"><img loading=\"lazy\" decoding=\"async\" width=\"680\" height=\"464\" src=\"https:\/\/lfag-psnv.de\/wp-content\/uploads\/2019\/07\/Schaubild-Massnahmen-Betroffene-680px-1.gif\" alt=\"\" class=\"wp-image-60\"\/><\/figure>\n","protected":false},"excerpt":{"rendered":"<p>Definition Die psychosoziale Notfallversorgung (PSNV) beinhaltet die Gesamtstruktur und die Ma\u00dfnahmen der Pr\u00e4vention sowie der kurz-, mittel- und langfristigen Versorgung im Kontext von belastenden Ereignissen (Notf\u00e4llen) bzw. Einsatzsituationen. Ziele Pr\u00e4vention von psychosozialen Belastungsfolgen Fr\u00fcherkennung von psychosozialen Belastungsfolgen nach belastenden Ereignissen und Einsatzsituationen Bereitstellen ad\u00e4quater Unterst\u00fctzung und Hilfe f\u00fcr betroffene Personen und Gruppen zur Erfahrungsverarbeitung sowie &hellip; <\/p>\n<p class=\"link-more\"><a href=\"https:\/\/lfag-psnv.de\/?page_id=35\" class=\"more-link\"><span class=\"screen-reader-text\">\u201eInformation zur PSNV\u201c <\/span>weiterlesen<\/a><\/p>\n","protected":false},"author":1,"featured_media":0,"parent":0,"menu_order":0,"comment_status":"closed","ping_status":"closed","template":"","meta":{"_bbp_topic_count":0,"_bbp_reply_count":0,"_bbp_total_topic_count":0,"_bbp_total_reply_count":0,"_bbp_voice_count":0,"_bbp_anonymous_reply_count":0,"_bbp_topic_count_hidden":0,"_bbp_reply_count_hidden":0,"_bbp_forum_subforum_count":0,"footnotes":""},"class_list":["post-35","page","type-page","status-publish","hentry"],"_links":{"self":[{"href":"https:\/\/lfag-psnv.de\/index.php?rest_route=\/wp\/v2\/pages\/35","targetHints":{"allow":["GET"]}}],"collection":[{"href":"https:\/\/lfag-psnv.de\/index.php?rest_route=\/wp\/v2\/pages"}],"about":[{"href":"https:\/\/lfag-psnv.de\/index.php?rest_route=\/wp\/v2\/types\/page"}],"author":[{"embeddable":true,"href":"https:\/\/lfag-psnv.de\/index.php?rest_route=\/wp\/v2\/users\/1"}],"replies":[{"embeddable":true,"href":"https:\/\/lfag-psnv.de\/index.php?rest_route=%2Fwp%2Fv2%2Fcomments&post=35"}],"version-history":[{"count":6,"href":"https:\/\/lfag-psnv.de\/index.php?rest_route=\/wp\/v2\/pages\/35\/revisions"}],"predecessor-version":[{"id":83,"href":"https:\/\/lfag-psnv.de\/index.php?rest_route=\/wp\/v2\/pages\/35\/revisions\/83"}],"wp:attachment":[{"href":"https:\/\/lfag-psnv.de\/index.php?rest_route=%2Fwp%2Fv2%2Fmedia&parent=35"}],"curies":[{"name":"wp","href":"https:\/\/api.w.org\/{rel}","templated":true}]}}