{"id":30,"date":"2019-07-21T20:22:19","date_gmt":"2019-07-21T20:22:19","guid":{"rendered":"https:\/\/lfag-psnv.de\/?page_id=30"},"modified":"2021-07-05T06:33:46","modified_gmt":"2021-07-05T06:33:46","slug":"wir-ueber-uns","status":"publish","type":"page","link":"https:\/\/lfag-psnv.de\/","title":{"rendered":"Wir \u00fcber uns"},"content":{"rendered":"\n<p>Die Geburtsstunde der bundesweiten und l\u00e4nder\u00fcbergreifenden Zusammenarbeit zu Themen und Aufgaben der Psychosozialen Notfallversorgung (PSNV) liegt in dem vom Bundesamt f\u00fcr Bev\u00f6lkerungsschutz und Katastrophenhilfe (BBK) moderierten sogenannten Konsensusprozess zur Qualit\u00e4tssicherung in der Psychosozialen Notfallversorgung. 120 Delegierte aus 45 Organisationen und Institutionen, die die PSNV in Deutschland ma\u00dfgeblich verantworten, anbieten und anwenden, haben sich von 2007 bis 2010 in einem intensiven Arbeits- und Abstimmungsprozess auf bundeseinheitliche Kriterien und Qualit\u00e4tsstandards f\u00fcr die PSNV geeinigt. Auf der abschlie\u00dfenden Konsensuskonferenz im November 2010 wurden dann insgesamt 31 Leitlinien aus sechs zentralen Themenfeldern verabschiedet.<\/p>\n\n\n\n<p>Im Verlauf des Konsensusprozesses konstituierte sich eine Facharbeitsgruppe \u201eLandeszentralstellen und Vernetzungen\u201c. Vertreten in dieser Gruppe waren die Delegierten der Innenministerien und Senate der L\u00e4nder Bayern, Berlin, Hamburg, Mecklenburg-Vorpommern, Niedersachsen, Rheinland-Pfalz und Schleswig-Holstein sowie Mitarbeitende des Referates Psychosoziales Krisenmanagement des BBK. In der Zusammenarbeit wurden Empfehlungen \u201eaus den L\u00e4ndern f\u00fcr die L\u00e4nder\u201c erarbeitet und schlie\u00dflich die f\u00fcnf folgenden Leitlinien verabschiedet: <\/p>\n\n\n\n<ol class=\"wp-block-list\"><li> Den L\u00e4ndern wird die Einrichtung einer Landeszentralstelle oder die Berufung eines Landesbeauftragten f\u00fcr PSNV empfohlen. <\/li><li> Den L\u00e4ndern wird eine strukturelle Anbindung von Landeszentralstellen bzw. von Landesbeauftragten PSNV an bereits bestehende Strukturen der Gefahren- abwehr empfohlen. <\/li><li> T\u00e4tigkeits- und Kompetenzprofil f\u00fcr die personelle Besetzung einer Landeszentralstelle PSNV bzw. einen Landesbeauftragten PSNV. <\/li><li> Den L\u00e4ndern wird empfohlen, die im Rahmen des Konsensusprozesses verabschiedeten Ergebnisse zur Qualit\u00e4tssicherung in der PSNV auf Landesebene umzusetzen. <\/li><li> Den L\u00e4ndern wird empfohlen, die weiterhin erforderlichen Bem\u00fchungen zur Qualit\u00e4tssicherung in der PSNV zu unterst\u00fctzen und sich daran aktiv zu beteiligen. <\/li><\/ol>\n\n\n\n<p>Mit diesen Empfehlungen wurden erste strukturelle und inhaltliche Fragestellungen beantwortet, die bei der bundesweiten Implementierung der PSNV auf L\u00e4nderebene eine wichtige Grundlage bieten und auch heute noch ihre G\u00fcltigkeit haben. <\/p>\n\n\n\n<p>Die im Rahmen des Konsensusprozesses verabschiedeten Leitlinien und Qualit\u00e4tsstandards zur Qualit\u00e4tssicherung in der PSNV umfassen ein breites Themenspektrum. Jedoch konnten nicht alle aufgeworfenen Fragestellungen zur PSNV abschlie\u00dfend beantwortet werden. Aus diesem Grund war es notwendig, auch zuk\u00fcnftig die Bem\u00fchungen zur Qualit\u00e4tssicherung und fachlichen Weiterentwicklung des Fachgebietes fortzuf\u00fchren. Um die bundesweite Umsetzung der Empfehlungen auf L\u00e4nderebene langfristig zu begleiten, wurde die zun\u00e4chst auf Zeit geplante Facharbeitsgruppe \u201eLandeszentralstellen und Vernetzungen\u201c in ein st\u00e4ndiges Gremium umgewandelt, das l\u00e4nder\u00fcbergreifende Fragestellungen zur PSNV diskutiert und auch bisher noch nicht involvierte Bundesl\u00e4nder dabei einbezieht. <\/p>\n\n\n\n<p>Heute ist aus der einstigen Facharbeitsgruppe \u201eLandeszentralstellen und Vernetzungen\u201c die \u201eL\u00e4nder\u00fcbergreifende Facharbeitsgruppe Psychosoziale Notfallversorgung\u201c geworden. <\/p>\n\n\n\n<p>Die L\u00e4nder\u00fcbergreifende Facharbeitsgruppe tagt zweimal j\u00e4hrlich und hat sich auf eine Gesch\u00e4ftsordnung geeinigt sowie sich konstituiert. In der Facharbeitsgruppe wirken die in den Bundesl\u00e4ndern PSNV-relevanten Ansprechpartner (Landeskoordinatoren, Landeszentralstellen etc.) sowie das Referat Psychosoziales Krisenmanagement des BBK mit. Jedes Bundesland und das BBK entsenden maximal zwei Mitglieder; weitere Personen, die mit der PSNV auf administrativer und fachlicher Ebene befasst sind, kommen als G\u00e4ste hinzu. Das BBK unterst\u00fctzt das Gremium organisatorisch und fachlich. <\/p>\n\n\n\n<p>Gem\u00e4\u00df Gesch\u00e4ftsordnung sind die Aufgaben der L\u00e4nder\u00fcbergreifende Facharbeitsgruppe PSNV insbesondere: <\/p>\n\n\n\n<ul class=\"wp-block-list\"><li>Unterst\u00fctzung der Vernetzung der vorhandenen Angebote und Leistungstr\u00e4ger bzw. der Bildung zweckf\u00f6rdernder Netzwerke, <\/li><li>Beratung bei der Erarbeitung einheitlicher Qualit\u00e4ts- und F\u00fchrungsstandards, <\/li><li>F\u00f6rderung von Arbeitskreisen mit dem Ziel, Strukturen und Abl\u00e4ufe unter Ber\u00fccksichtigung der Besonderheiten der verschiedenen Bundesl\u00e4nder weiter zu entwickeln, <\/li><li>Unterst\u00fctzung von Fachtagungen sowie der Aus-, Fort- und Weiterbildung der Einsatzkr\u00e4fte, <\/li><li>Unterst\u00fctzung wissenschaftlicher T\u00e4tigkeiten und Untersuchungen im Bereich der PSNV, <\/li><li>Vorschl\u00e4ge zum Transfer der Ergebnisse der Konsensuskonferenz unter Ber\u00fccksichtigung der Besonderheiten der verschiedenen Bundesl\u00e4nder. <\/li><\/ul>\n","protected":false},"excerpt":{"rendered":"<p>Die Geburtsstunde der bundesweiten und l\u00e4nder\u00fcbergreifenden Zusammenarbeit zu Themen und Aufgaben der Psychosozialen Notfallversorgung (PSNV) liegt in dem vom Bundesamt f\u00fcr Bev\u00f6lkerungsschutz und Katastrophenhilfe (BBK) moderierten sogenannten Konsensusprozess zur Qualit\u00e4tssicherung in der Psychosozialen Notfallversorgung. 120 Delegierte aus 45 Organisationen und Institutionen, die die PSNV in Deutschland ma\u00dfgeblich verantworten, anbieten und anwenden, haben sich von 2007 &hellip; <\/p>\n<p class=\"link-more\"><a href=\"https:\/\/lfag-psnv.de\/\" class=\"more-link\"><span class=\"screen-reader-text\">\u201eWir \u00fcber uns\u201c <\/span>weiterlesen<\/a><\/p>\n","protected":false},"author":1,"featured_media":0,"parent":0,"menu_order":0,"comment_status":"closed","ping_status":"closed","template":"","meta":{"_bbp_topic_count":0,"_bbp_reply_count":0,"_bbp_total_topic_count":0,"_bbp_total_reply_count":0,"_bbp_voice_count":0,"_bbp_anonymous_reply_count":0,"_bbp_topic_count_hidden":0,"_bbp_reply_count_hidden":0,"_bbp_forum_subforum_count":0,"footnotes":""},"class_list":["post-30","page","type-page","status-publish","hentry"],"_links":{"self":[{"href":"https:\/\/lfag-psnv.de\/wp-json\/wp\/v2\/pages\/30","targetHints":{"allow":["GET"]}}],"collection":[{"href":"https:\/\/lfag-psnv.de\/wp-json\/wp\/v2\/pages"}],"about":[{"href":"https:\/\/lfag-psnv.de\/wp-json\/wp\/v2\/types\/page"}],"author":[{"embeddable":true,"href":"https:\/\/lfag-psnv.de\/wp-json\/wp\/v2\/users\/1"}],"replies":[{"embeddable":true,"href":"https:\/\/lfag-psnv.de\/wp-json\/wp\/v2\/comments?post=30"}],"version-history":[{"count":12,"href":"https:\/\/lfag-psnv.de\/wp-json\/wp\/v2\/pages\/30\/revisions"}],"predecessor-version":[{"id":284,"href":"https:\/\/lfag-psnv.de\/wp-json\/wp\/v2\/pages\/30\/revisions\/284"}],"wp:attachment":[{"href":"https:\/\/lfag-psnv.de\/wp-json\/wp\/v2\/media?parent=30"}],"curies":[{"name":"wp","href":"https:\/\/api.w.org\/{rel}","templated":true}]}}