{"id":20,"date":"2019-06-07T10:50:02","date_gmt":"2019-06-07T10:50:02","guid":{"rendered":"https:\/\/lfag-psnv.de\/?page_id=20"},"modified":"2025-08-19T12:33:01","modified_gmt":"2025-08-19T12:33:01","slug":"impressum","status":"publish","type":"page","link":"https:\/\/lfag-psnv.de\/impressum\/","title":{"rendered":"Impressum"},"content":{"rendered":"\n<h2 class=\"wp-block-heading\">Herausgeber<\/h2>\n\n\n\n<p>L\u00e4nder\u00fcbergreifende Facharbeitsgruppe f\u00fcr<br>Psychosoziale Notfallversorgung in Deutschland<br>Vorsitz:<\/p>\n\n\n\n<p>Justus M\u00fcnster<br>Landesbeauftragter f\u00fcr Psychosoziale Notfallversorgung im Land Berlin<br>Berliner Feuerwehr<br>Voltairestra\u00dfe 2<br>10179 Berlin<\/p>\n\n\n\n<p>Dorothea Wichterich<br>Leiterin Landeszentralstelle f\u00fcr Psychosoziales Krisenmanagement Schleswig-Holstein<br>Ministerium f\u00fcr Inneres, Kommunales, Wohnen und Sport des Landes Schleswog-Holstein<br>Landesfeuerwehrschule Schleswig-Holstein<br>S\u00fcderstra\u00dfe 46<br>24955 Harrislee<\/p>\n\n\n\n<h2 class=\"wp-block-heading\">Webmaster<\/h2>\n\n\n\n<p>Dorothea Wichterich<br>E-Mail webmaster@lfag-psnv.de<\/p>\n\n\n\n<h2 class=\"wp-block-heading\">Haftungsausschluss<\/h2>\n\n\n\n<p>Mit diesem Internetauftritt pr\u00e4sentiert die L\u00e4nder\u00fcbergreifende Facharbeitsgruppe PSNV  sich und die von ihr wahrzunehmenden Aufgaben. Die Angaben auf dieser Site werden st\u00e4ndig gepflegt. Wir k\u00f6nnen gleichwohl  keine Haftung \u00fcbernehmen f\u00fcr:<\/p>\n\n\n\n<ul class=\"wp-block-list\">\n<li>die Richtigkeit, Aktualit\u00e4t und Vollst\u00e4ndigkeit der gemachten Angaben,<\/li>\n\n\n\n<li>Wortlaut und Geltung der eingestellten Rechtsvorschriften. Es gilt  stets die aktuelle, amtliche Fassung, wie sie im daf\u00fcr vorgesehenen  offiziellen Verk\u00fcndungsorgan ver\u00f6ffentlicht ist.<\/li>\n\n\n\n<li>Richtigkeit und Rechtm\u00e4\u00dfigkeit des Inhalts fremder Seiten anderer  Anbieter, auf die wir einen Link gesetzt haben. Der Inhalt verlinkter  Seiten ist bei der Erstellung unseres Angebotes gepr\u00fcft worden. Der  Inhalt einer Seite ist jedoch dynamisch und kann sich jederzeit \u00e4ndern.  Wir machen uns den Inhalt fremder Internetseiten, auf die wir einen Link  gesetzt haben insoweit ausdr\u00fccklich nicht zu eigen.<\/li>\n\n\n\n<li>Etwaige rechtliche Hinweise und Ausk\u00fcnfte sind unverbindlich. Wir erteilen keine Rechtsberatung.<\/li>\n<\/ul>\n\n\n\n<h2 class=\"wp-block-heading\">Hinweise zu Links<\/h2>\n\n\n\n<p>Die Verweise (Links) auf externe Angebote werden von uns st\u00e4ndig \n\u00fcberpr\u00fcft. Trotzdem kann es vorkommen, dass ein externes Angebot \numzieht, nicht mehr vorhanden oder funktionsunf\u00e4hig ist. In solchen \nF\u00e4llen, sind wir f\u00fcr einen entsprechenden Hinweis dankbar. Die Inhalte \nund die Funktionsf\u00e4higkeit externer Angebote verantworten alleine die \njeweiligen Anbieter.<\/p>\n\n\n\n<h2 class=\"wp-block-heading\">Personenbezogene Daten<\/h2>\n\n\n\n<p>Dieses ist eine reine Informationsseite. Es werden keine personenbezogenen Daten erhoben.<\/p>\n\n\n\n<h3 class=\"wp-block-heading\">Hinweise zum Einsatz von Cookies<\/h3>\n\n\n\n<p>Ein Cookie ist eine Textdatei, die von dem Server des  Internetauftritts erzeugt und an den  Internetbrowser des Nutzers geschickt wird. Bestimmte Funktionen im  Internetangebot der Landesfeuerwehrschule setzen Session-Cookies ein.  Session-Cookies speichern eine Zahlenfolge zur Identifikation des  Nutzers (ID). Der Webseiten-Server ben\u00f6tigt diese ID, beispielsweise um  bereits ausgef\u00fcllte Formularfelder zu erhalten.<\/p>\n\n\n\n<p>Weitere Nutzungsdaten werden nicht erhoben. Das Session-Cookie \nverliert seine G\u00fcltigkeit mit dem Abschicken des Formulars, nach einer \nRuhephase von einigen Minuten oder mit dem Schlie\u00dfen des \nInternetbrowsers und wird automatisch gel\u00f6scht.<\/p>\n","protected":false},"excerpt":{"rendered":"<p>Herausgeber L\u00e4nder\u00fcbergreifende Facharbeitsgruppe f\u00fcrPsychosoziale Notfallversorgung in DeutschlandVorsitz: Justus M\u00fcnsterLandesbeauftragter f\u00fcr Psychosoziale Notfallversorgung im Land BerlinBerliner FeuerwehrVoltairestra\u00dfe 210179 Berlin Dorothea WichterichLeiterin Landeszentralstelle f\u00fcr Psychosoziales Krisenmanagement Schleswig-HolsteinMinisterium f\u00fcr Inneres, Kommunales, Wohnen und Sport des Landes Schleswog-HolsteinLandesfeuerwehrschule Schleswig-HolsteinS\u00fcderstra\u00dfe 4624955 Harrislee Webmaster Dorothea WichterichE-Mail webmaster@lfag-psnv.de Haftungsausschluss Mit diesem Internetauftritt pr\u00e4sentiert die L\u00e4nder\u00fcbergreifende Facharbeitsgruppe PSNV sich und die von ihr &hellip; <\/p>\n<p class=\"link-more\"><a href=\"https:\/\/lfag-psnv.de\/impressum\/\" class=\"more-link\"><span class=\"screen-reader-text\">\u201eImpressum\u201c <\/span>weiterlesen<\/a><\/p>\n","protected":false},"author":1,"featured_media":0,"parent":0,"menu_order":10,"comment_status":"closed","ping_status":"closed","template":"","meta":{"_bbp_topic_count":0,"_bbp_reply_count":0,"_bbp_total_topic_count":0,"_bbp_total_reply_count":0,"_bbp_voice_count":0,"_bbp_anonymous_reply_count":0,"_bbp_topic_count_hidden":0,"_bbp_reply_count_hidden":0,"_bbp_forum_subforum_count":0,"footnotes":""},"class_list":["post-20","page","type-page","status-publish","hentry"],"_links":{"self":[{"href":"https:\/\/lfag-psnv.de\/wp-json\/wp\/v2\/pages\/20","targetHints":{"allow":["GET"]}}],"collection":[{"href":"https:\/\/lfag-psnv.de\/wp-json\/wp\/v2\/pages"}],"about":[{"href":"https:\/\/lfag-psnv.de\/wp-json\/wp\/v2\/types\/page"}],"author":[{"embeddable":true,"href":"https:\/\/lfag-psnv.de\/wp-json\/wp\/v2\/users\/1"}],"replies":[{"embeddable":true,"href":"https:\/\/lfag-psnv.de\/wp-json\/wp\/v2\/comments?post=20"}],"version-history":[{"count":5,"href":"https:\/\/lfag-psnv.de\/wp-json\/wp\/v2\/pages\/20\/revisions"}],"predecessor-version":[{"id":487,"href":"https:\/\/lfag-psnv.de\/wp-json\/wp\/v2\/pages\/20\/revisions\/487"}],"wp:attachment":[{"href":"https:\/\/lfag-psnv.de\/wp-json\/wp\/v2\/media?parent=20"}],"curies":[{"name":"wp","href":"https:\/\/api.w.org\/{rel}","templated":true}]}}