{"id":102,"date":"2019-11-13T16:45:31","date_gmt":"2019-11-13T16:45:31","guid":{"rendered":"https:\/\/lfag-psnv.de\/?page_id=102"},"modified":"2025-11-10T11:51:07","modified_gmt":"2025-11-10T11:51:07","slug":"dokumente","status":"publish","type":"page","link":"https:\/\/lfag-psnv.de\/wir-ueber-uns\/dokumente\/","title":{"rendered":"Dokumente"},"content":{"rendered":"\n<p>Folgende Dokumente wurden von der L\u00e4nder\u00fcbergreifenden Facharbeitsgruppe PSNV ver\u00f6ffentlicht:<\/p>\n\n\n\n<ul class=\"wp-block-list\">\n<li><a href=\"https:\/\/lfag-psnv.de\/wp-content\/uploads\/2019\/11\/Mindestanforderungen-PSNV-Notfallsanita\u0308ter.pdf\" target=\"_blank\" rel=\"noreferrer noopener\">Mindestanforderungen PSNV f\u00fcr Notfallsanit\u00e4ter<\/a><\/li>\n\n\n\n<li><a href=\"https:\/\/lfag-psnv.de\/wp-content\/uploads\/2024\/11\/Luefag-Positionspapier-PSNV-Krankenhaus_Stand-November-2024_final.pdf\" data-type=\"link\" data-id=\"https:\/\/lfag-psnv.de\/wp-content\/uploads\/2024\/11\/Luefag-Positionspapier-PSNV-Krankenhaus_Stand-November-2024_final.pdf\" target=\"_blank\" rel=\"noreferrer noopener\">L\u00dcFAG-Positionspapier-PSNV-Krankenhaus_Stand: 11\/24<\/a><\/li>\n\n\n\n<li><a href=\"https:\/\/lfag-psnv.de\/wp-content\/uploads\/2025\/11\/LueFAG-Positionspapier-PSNV-bei-Grossveranstaltungen_final-1.pdf\" target=\"_blank\" rel=\"noreferrer noopener\">L\u00dcFAG-Positionspapier Zusammenarbeit Awareness-Teams und PSNV Stand:11\/25 <\/a><\/li>\n<\/ul>\n\n\n\n<h3 class=\"wp-block-heading\">Zentrale Dokumente aus anderen Quellen<\/h3>\n\n\n\n<ul class=\"wp-block-list\">\n<li><a rel=\"noreferrer noopener\" aria-label=\"Psychosoziale Notfallversorgung\nQualit\u00e4tsstandards und Leitlinien (\u00f6ffnet in neuem Tab)\" href=\"https:\/\/lfag-psnv.de\/wp-content\/uploads\/2019\/11\/BBK_PSNV_Qualitstandarts_Leitlinien_Teil_1_2.pdf\" target=\"_blank\">Psychosoziale Notfallversorgung<br>Qualit\u00e4tsstandards und Leitlinien<\/a><\/li>\n\n\n\n<li><a href=\"https:\/\/lfag-psnv.de\/wp-content\/uploads\/2021\/12\/Mindeststandards-PSAH-2021.pdf\" target=\"_blank\" rel=\"noreferrer noopener\">Qualit\u00e4tsstandards und Leitlinien<br>zu Ma\u00dfnahmen der Psychosozialen Notfallversorgung f\u00fcr \u00dcberlebende, Angeh\u00f6rige, Hinterbliebene, Zeugen und\/oder Vermissende<br> im Bereich der Psychosozialen Akuthilfen <\/a><\/li>\n\n\n\n<li><a rel=\"noreferrer noopener\" aria-label=\" (\u00f6ffnet in neuem Tab)\" href=\"https:\/\/lfag-psnv.de\/wp-content\/uploads\/2019\/11\/AGBF_und_DFV-DFV-Position_zur_PSNV_November_2012x.pdf\" target=\"_blank\">AGBF bund<br>Positionspapier zur Psychosozialen Notfallversorgung<\/a><\/li>\n\n\n\n<li><a href=\"https:\/\/lfag-psnv.de\/wp-content\/uploads\/2019\/11\/Positionspapier-PSNV-O\u0308GD.pdf\" target=\"_blank\" rel=\"noreferrer noopener\">Positionspapier zur Rolle des \u00d6ffentlichen Gesundheitsdienstes in der Psychosozialen Notfallversorgung (PSNV) bei Terrorlagen und weiteren komplexen Gefahren- und Schadenslagen <\/a><\/li>\n<\/ul>\n\n\n\n<p><\/p>\n","protected":false},"excerpt":{"rendered":"<p>Folgende Dokumente wurden von der L\u00e4nder\u00fcbergreifenden Facharbeitsgruppe PSNV ver\u00f6ffentlicht: Zentrale Dokumente aus anderen Quellen<\/p>\n","protected":false},"author":1,"featured_media":0,"parent":30,"menu_order":4,"comment_status":"closed","ping_status":"closed","template":"","meta":{"_bbp_topic_count":0,"_bbp_reply_count":0,"_bbp_total_topic_count":0,"_bbp_total_reply_count":0,"_bbp_voice_count":0,"_bbp_anonymous_reply_count":0,"_bbp_topic_count_hidden":0,"_bbp_reply_count_hidden":0,"_bbp_forum_subforum_count":0,"footnotes":""},"class_list":["post-102","page","type-page","status-publish","hentry"],"_links":{"self":[{"href":"https:\/\/lfag-psnv.de\/wp-json\/wp\/v2\/pages\/102","targetHints":{"allow":["GET"]}}],"collection":[{"href":"https:\/\/lfag-psnv.de\/wp-json\/wp\/v2\/pages"}],"about":[{"href":"https:\/\/lfag-psnv.de\/wp-json\/wp\/v2\/types\/page"}],"author":[{"embeddable":true,"href":"https:\/\/lfag-psnv.de\/wp-json\/wp\/v2\/users\/1"}],"replies":[{"embeddable":true,"href":"https:\/\/lfag-psnv.de\/wp-json\/wp\/v2\/comments?post=102"}],"version-history":[{"count":15,"href":"https:\/\/lfag-psnv.de\/wp-json\/wp\/v2\/pages\/102\/revisions"}],"predecessor-version":[{"id":497,"href":"https:\/\/lfag-psnv.de\/wp-json\/wp\/v2\/pages\/102\/revisions\/497"}],"up":[{"embeddable":true,"href":"https:\/\/lfag-psnv.de\/wp-json\/wp\/v2\/pages\/30"}],"wp:attachment":[{"href":"https:\/\/lfag-psnv.de\/wp-json\/wp\/v2\/media?parent=102"}],"curies":[{"name":"wp","href":"https:\/\/api.w.org\/{rel}","templated":true}]}}